{"id":95,"date":"2015-04-23T12:32:53","date_gmt":"2015-04-23T12:32:53","guid":{"rendered":"https:\/\/xml-io.proteusthemes.com\/cargopress\/?page_id=95"},"modified":"2021-02-24T11:17:23","modified_gmt":"2021-02-24T14:17:23","slug":"apoio-logistico","status":"publish","type":"page","link":"https:\/\/www.trltransportes.com.br\/index.php\/services\/apoio-logistico\/","title":{"rendered":"Apoio Log\u00edstico"},"content":{"rendered":"<div id=\"pl-95\"  class=\"panel-layout\" ><div id=\"pg-95-0\"  class=\"panel-grid panel-no-style\" ><div id=\"pgc-95-0-0\"  class=\"panel-grid-cell\" ><div id=\"panel-95-0-0-0\" class=\"so-panel widget widget_black-studio-tinymce widget_black_studio_tinymce panel-first-child panel-last-child\" data-index=\"0\" ><div class=\"textwidget\"><p class=\"paragrafo\" style=\"text-align: justify;\"><span class=\"big\">Facilidade e simplicidade, caso voc\u00ea n\u00e3o possua um espa\u00e7o pr\u00f3prio para receber suas mercadorias, voc\u00ea pode alugar por um per\u00edodo de tempo nosso espa\u00e7o, com seguran\u00e7a e monitoramento 24h.<\/span><\/p>\n<p style=\"text-align: justify;\"><span class=\"big\">Oferecemos atrav\u00e9s do formato de aluguel sob contrato espa\u00e7os pr\u00e9 definidos em nossos pontos de apoio de forma a oferecer um apoio log\u00edstico para quem necessita fazer um transbordo de mercadorias, facilitando assim o processo de log\u00edstica para nossos clientes. <\/span><\/p>\n<p class=\"paragrafo\" style=\"text-align: justify;\"><span class=\"big\">Dentre as diversas vantagens de se utilizar um espa\u00e7o terceirizado para o apoio log\u00edstico citamos um ambiente monitorado 24h, espa\u00e7os devidamente demarcados, per\u00edodo de agendamento pr\u00e9 definidos e caso necess\u00e1rio pode ser feito a contrata\u00e7\u00e3o de frete para o transporte ao destino final com pre\u00e7o diferenciado. <\/span><\/p>\n<p class=\"paragrafo\" style=\"text-align: justify;\"><span class=\"big\">Oferecemos o Servi\u00e7o de Apoio Log\u00edstico em Itaocara RJ e Itaperuna RJ <\/span><\/p>\n<\/div><\/div><\/div><div id=\"pgc-95-0-1\"  class=\"panel-grid-cell\" ><div id=\"panel-95-0-1-0\" class=\"so-panel widget widget_black-studio-tinymce widget_black_studio_tinymce panel-first-child panel-last-child\" data-index=\"1\" ><div class=\"textwidget\"><p><a href=\"https:\/\/www.trltransportes.com.br\/wp-content\/uploads\/2021\/02\/galpao-armazenamento-feno-01.jpg\"><img class=\"alignnone size-full wp-image-64\" src=\"https:\/\/www.trltransportes.com.br\/wp-content\/uploads\/2021\/02\/galpao-armazenamento-feno-01.jpg\" alt=\"34\" width=\"848\" height=\"480\" \/><\/a><\/p>\n<p><a href=\"https:\/\/www.trltransportes.com.br\/wp-content\/uploads\/2021\/02\/armazem-gestao-de-estoque.png\"><img class=\"alignnone size-full wp-image-60\" src=\"https:\/\/www.trltransportes.com.br\/wp-content\/uploads\/2021\/02\/armazem-gestao-de-estoque.png\" alt=\"30\" width=\"848\" height=\"480\" \/><\/a><\/p>\n<\/div><\/div><\/div><\/div><div id=\"pg-95-1\"  class=\"panel-grid panel-has-style\" ><div class=\"siteorigin-panels-stretch panel-row-style panel-row-style-for-95-1\" data-stretch-type=\"full\" ><div id=\"pgc-95-1-0\"  class=\"panel-grid-cell\" ><div id=\"panel-95-1-0-0\" class=\"so-panel widget widget_pw_call_to_action widget-call-to-action panel-first-child panel-last-child\" data-index=\"2\" ><div class=\"panel-widget-style panel-widget-style-for-95-1-0-0\" >\t\t\t\t<div class=\"call-to-action\">\n\t\t\t\t\t<div class=\"call-to-action__text\">\n\t\t\t\t\t\tSOLICITE SEU OR\u00c7AMENTO DE FRETE AGORA\t\t\t\t\t<\/div>\n\t\t\t\t\t<div class=\"call-to-action__button\">\n\t\t\t\t\t\t<a class=\"btn    btn-primary\" href=\"#contato\" target=\"_self\">BUSCA FRETE<\/a>\t\t\t\t\t<\/div>\n\t\t\t\t<\/div>\n\t\t\t<\/div><\/div><\/div><\/div><\/div><div id=\"pg-95-2\"  class=\"panel-grid panel-has-style\" ><div class=\"contato panel-row-style panel-row-style-for-95-2\" id=\"contato\" ><div id=\"pgc-95-2-0\"  class=\"panel-grid-cell\" ><div id=\"panel-95-2-0-0\" class=\"so-panel widget widget_black-studio-tinymce widget_black_studio_tinymce panel-first-child\" data-index=\"3\" ><div class=\"textwidget\"><h3>SOLICITE SEU OR\u00c7AMENTO<\/h3>\n<\/div><\/div><div id=\"panel-95-2-0-1\" class=\"so-panel widget widget_black-studio-tinymce widget_black_studio_tinymce panel-last-child\" data-index=\"4\" ><div class=\"textwidget\"><p><div role=\"form\" class=\"wpcf7\" id=\"wpcf7-f313-o1\" lang=\"en-US\" dir=\"ltr\">\n<div class=\"screen-reader-response\"><p role=\"status\" aria-live=\"polite\" aria-atomic=\"true\"><\/p> <ul><\/ul><\/div>\n<form action=\"\/index.php\/wp-json\/wp\/v2\/pages\/95#wpcf7-f313-o1\" method=\"post\" class=\"wpcf7-form init\" novalidate=\"novalidate\" data-status=\"init\">\n<div style=\"display: none;\">\n<input type=\"hidden\" name=\"_wpcf7\" value=\"313\" \/>\n<input type=\"hidden\" name=\"_wpcf7_version\" value=\"5.4\" \/>\n<input type=\"hidden\" name=\"_wpcf7_locale\" value=\"en_US\" \/>\n<input type=\"hidden\" name=\"_wpcf7_unit_tag\" value=\"wpcf7-f313-o1\" \/>\n<input type=\"hidden\" name=\"_wpcf7_container_post\" value=\"0\" \/>\n<input type=\"hidden\" name=\"_wpcf7_posted_data_hash\" value=\"\" \/>\n<\/div>\n<div class=\"contact-form-small\">\n<div class=\"row\">\n<div class=\"col-xs-12  col-md-6\">\n      <span class=\"wpcf7-form-control-wrap your-name\"><input type=\"text\" name=\"your-name\" value=\"\" size=\"40\" class=\"wpcf7-form-control wpcf7-text wpcf7-validates-as-required\" aria-required=\"true\" aria-invalid=\"false\" placeholder=\"Nome de Contato\" \/><\/span><br \/>\n      <span class=\"wpcf7-form-control-wrap your-email\"><input type=\"email\" name=\"your-email\" value=\"\" size=\"40\" class=\"wpcf7-form-control wpcf7-text wpcf7-email wpcf7-validates-as-required wpcf7-validates-as-email\" aria-required=\"true\" aria-invalid=\"false\" placeholder=\"Email de Contato\" \/><\/span><br \/>\n      <span class=\"wpcf7-form-control-wrap select-origem\"><select name=\"select-origem\" class=\"wpcf7-form-control wpcf7-select wpcf7-validates-as-required\" aria-required=\"true\" aria-invalid=\"false\"><option value=\"Informe a Origem\">Informe a Origem<\/option><option value=\"Noroeste ES\">Noroeste ES<\/option><option value=\"Litoral Norte ES\">Litoral Norte ES<\/option><option value=\"Central ES\">Central ES<\/option><option value=\"Sul ES\">Sul ES<\/option><option value=\"Regi\u00e3o Noroeste RJ\">Regi\u00e3o Noroeste RJ<\/option><option value=\"Regi\u00e3o Norte RJ\">Regi\u00e3o Norte RJ<\/option><option value=\"Regi\u00e3o Serrana RJ\">Regi\u00e3o Serrana RJ<\/option><option value=\"Baixadas Litor\u00e2nea RJ Regi\u00e3o M\u00e9dio Para\u00edba RJ\">Baixadas Litor\u00e2nea RJ Regi\u00e3o M\u00e9dio Para\u00edba RJ<\/option><option value=\"Regi\u00e3o Centro-Sul RJ Regi\u00e3o da Costa Verde RJ\">Regi\u00e3o Centro-Sul RJ Regi\u00e3o da Costa Verde RJ<\/option><option value=\"Alto Parana\u00edba MG\">Alto Parana\u00edba MG<\/option><option value=\"Central MG\">Central MG<\/option><option value=\"Centro-Oeste MG\">Centro-Oeste MG<\/option><option value=\"Jequitinhonha\/Mucuri MG\">Jequitinhonha\/Mucuri MG<\/option><option value=\"Zona da Mata MG\">Zona da Mata MG<\/option><option value=\"Noroeste MG\">Noroeste MG<\/option><option value=\"Norte MG\">Norte MG<\/option><option value=\"Rio Doce MG\">Rio Doce MG<\/option><\/select><\/span><br \/>\n      <span class=\"wpcf7-form-control-wrap select-destino\"><select name=\"select-destino\" class=\"wpcf7-form-control wpcf7-select wpcf7-validates-as-required\" aria-required=\"true\" aria-invalid=\"false\"><option value=\"Informe o Destino\">Informe o Destino<\/option><option value=\"Noroeste ES\">Noroeste ES<\/option><option value=\"Litoral Norte ES\">Litoral Norte ES<\/option><option value=\"Central ES\">Central ES<\/option><option value=\"Sul ES\">Sul ES<\/option><option value=\"Regi\u00e3o Noroeste RJ\">Regi\u00e3o Noroeste RJ<\/option><option value=\"Regi\u00e3o Norte RJ\">Regi\u00e3o Norte RJ<\/option><option value=\"Regi\u00e3o Serrana RJ\">Regi\u00e3o Serrana RJ<\/option><option value=\"Baixadas Litor\u00e2nea RJ Regi\u00e3o M\u00e9dio Para\u00edba RJ\">Baixadas Litor\u00e2nea RJ Regi\u00e3o M\u00e9dio Para\u00edba RJ<\/option><option value=\"Regi\u00e3o Centro-Sul RJ Regi\u00e3o da Costa Verde RJ\">Regi\u00e3o Centro-Sul RJ Regi\u00e3o da Costa Verde RJ<\/option><option value=\"Alto Parana\u00edba MG\">Alto Parana\u00edba MG<\/option><option value=\"Central MG\">Central MG<\/option><option value=\"Centro-Oeste MG\">Centro-Oeste MG<\/option><option value=\"Jequitinhonha\/Mucuri MG\">Jequitinhonha\/Mucuri MG<\/option><option value=\"Zona da Mata MG\">Zona da Mata MG<\/option><option value=\"Noroeste MG\">Noroeste MG<\/option><option value=\"Norte MG\">Norte MG<\/option><option value=\"Rio Doce MG\">Rio Doce MG<\/option><\/select><\/span>\n    <\/div>\n<div class=\"col-xs-12  col-md-6\">\n        <span class=\"wpcf7-form-control-wrap telefone\"><input type=\"tel\" name=\"telefone\" value=\"Telefone Contato\" size=\"40\" class=\"wpcf7-form-control wpcf7-text wpcf7-tel wpcf7-validates-as-required wpcf7-validates-as-tel\" aria-required=\"true\" aria-invalid=\"false\" \/><\/span><br \/>\n        <span class=\"wpcf7-form-control-wrap your-message\"><textarea name=\"your-message\" cols=\"40\" rows=\"10\" class=\"wpcf7-form-control wpcf7-textarea\" aria-invalid=\"false\" placeholder=\"Informe Maiores Detalhes\"><\/textarea><\/span>\n    <\/div>\n<div class=\"col-xs-12  col-md-12\">\n      <input type=\"submit\" value=\"ENVIAR\" class=\"wpcf7-form-control wpcf7-submit btn btn-primary pull-right\" \/>\n    <\/div>\n<\/div>\n<\/div>\n<div class=\"wpcf7-response-output\" aria-hidden=\"true\"><\/div><\/form><\/div><\/p>\n<\/div><\/div><\/div><\/div><\/div><\/div>","protected":false},"excerpt":{"rendered":"<p>Facilidade e simplicidade, caso voc\u00ea n\u00e3o possua um espa\u00e7o pr\u00f3prio para receber suas mercadorias, voc\u00ea pode alugar por um per\u00edodo de tempo nosso espa\u00e7o, com seguran\u00e7a e monitoramento 24h. Oferecemos atrav\u00e9s do formato de aluguel sob contrato espa\u00e7os pr\u00e9 definidos em nossos pontos de apoio de forma a oferecer um apoio log\u00edstico para quem necessita &hellip;<\/p>\n","protected":false},"author":1,"featured_media":880,"parent":76,"menu_order":0,"comment_status":"closed","ping_status":"open","template":"","meta":[],"_links":{"self":[{"href":"https:\/\/www.trltransportes.com.br\/index.php\/wp-json\/wp\/v2\/pages\/95"}],"collection":[{"href":"https:\/\/www.trltransportes.com.br\/index.php\/wp-json\/wp\/v2\/pages"}],"about":[{"href":"https:\/\/www.trltransportes.com.br\/index.php\/wp-json\/wp\/v2\/types\/page"}],"author":[{"embeddable":true,"href":"https:\/\/www.trltransportes.com.br\/index.php\/wp-json\/wp\/v2\/users\/1"}],"replies":[{"embeddable":true,"href":"https:\/\/www.trltransportes.com.br\/index.php\/wp-json\/wp\/v2\/comments?post=95"}],"version-history":[{"count":17,"href":"https:\/\/www.trltransportes.com.br\/index.php\/wp-json\/wp\/v2\/pages\/95\/revisions"}],"predecessor-version":[{"id":1008,"href":"https:\/\/www.trltransportes.com.br\/index.php\/wp-json\/wp\/v2\/pages\/95\/revisions\/1008"}],"up":[{"embeddable":true,"href":"https:\/\/www.trltransportes.com.br\/index.php\/wp-json\/wp\/v2\/pages\/76"}],"wp:featuredmedia":[{"embeddable":true,"href":"https:\/\/www.trltransportes.com.br\/index.php\/wp-json\/wp\/v2\/media\/880"}],"wp:attachment":[{"href":"https:\/\/www.trltransportes.com.br\/index.php\/wp-json\/wp\/v2\/media?parent=95"}],"curies":[{"name":"wp","href":"https:\/\/api.w.org\/{rel}","templated":true}]}}